{"id":296126,"date":"2025-01-20T09:43:18","date_gmt":"2025-01-20T14:43:18","guid":{"rendered":"https:\/\/wooki.com\/?post_type=product&#038;p=296126"},"modified":"2026-03-13T19:20:21","modified_gmt":"2026-03-13T23:20:21","slug":"merrell-womens-moab-3-mid-falcon-hiking-boots-j037000","status":"publish","type":"product","link":"https:\/\/wooki.com\/fr\/produit\/merrell-womens-moab-3-mid-falcon-hiking-boots-j037000\/","title":{"rendered":"Bottes de randonn\u00e9e Merrell Moab 3 Mid Falcon pour femmes J037000"},"content":{"rendered":"<div class=\"description\">\n<div id=\"productDescription_feature_div\" class=\"celwidget\" data-feature-name=\"productDescription\" data-csa-c-id=\"rjuu9f-x3h4xc-gz1b9u-217ezg\" data-cel-widget=\"productDescription_feature_div\">\n<div id=\"productDescription_feature_div\" class=\"a-row feature\" data-feature-name=\"productDescription\" data-template-name=\"productDescription\" data-cel-widget=\"productDescription_feature_div\">\n<div id=\"productDescription\" class=\"a-section a-spacing-small\">\n<div class=\"description\">\n<div class=\"product-description rte rte--column\">\n<div class=\"description\">\n<div class=\"description\">\n<div class=\"description\">\n<div class=\"stat-desc-box\">\n<div class=\"desc-box\">\n<div class=\"description\">\n<div class=\"description\">\n<div class=\"description\">\n<div class=\"description\">\n<div class=\"description\">\n<div class=\"description\">\n<div class=\"description\">\n<div class=\"description\">\n<div class=\"description\">\n<div class=\"description\">\n<div id=\"productDescription_feature_div\" class=\"celwidget\" data-feature-name=\"productDescription\" data-csa-c-type=\"widget\" data-csa-c-content-id=\"productDescription\" data-csa-c-slot-id=\"productDescription_feature_div\" data-csa-c-asin=\"\" data-csa-c-is-in-initial-active-row=\"false\" data-csa-c-id=\"qzhknn-vkw84b-lhewjp-35n88f\" data-cel-widget=\"productDescription_feature_div\">\n<div id=\"productDescription_feature_div\" class=\"a-row feature\" data-feature-name=\"productDescription\" data-template-name=\"productDescription\" data-cel-widget=\"productDescription_feature_div\">\n<div id=\"productDescription\" class=\"a-section a-spacing-small\">\n<div class=\"description\">\n<div id=\"productDescription_feature_div\" class=\"celwidget\" data-feature-name=\"productDescription\" data-csa-c-type=\"widget\" data-csa-c-content-id=\"productDescription\" data-csa-c-slot-id=\"productDescription_feature_div\" data-csa-c-asin=\"\" data-csa-c-is-in-initial-active-row=\"false\" data-csa-c-id=\"6l0j5a-hzlgdl-1xcifw-oo6erj\" data-cel-widget=\"productDescription_feature_div\">\n<div id=\"productDescription_feature_div\" class=\"a-row feature\" data-feature-name=\"productDescription\" data-template-name=\"productDescription\" data-cel-widget=\"productDescription_feature_div\">\n<div id=\"productDescription\" class=\"a-section a-spacing-small\">\n<div class=\"description\">\n<div class=\"description\">\n<div class=\"description\">\n<div class=\"description\">\n<div class=\"description\">\n<div class=\"description\">\n<div class=\"description\">\n<div class=\"description\">\n<div class=\"description\">\n<div class=\"description\">\n<div class=\"description\">\n<div class=\"description\">\n<div class=\"description\">\n<div class=\"description\">\n<div class=\"description\">\n<div id=\"productDescription_feature_div\" class=\"celwidget\" data-feature-name=\"productDescription\" data-csa-c-type=\"widget\" data-csa-c-content-id=\"productDescription\" data-csa-c-slot-id=\"productDescription_feature_div\" data-csa-c-asin=\"\" data-csa-c-is-in-initial-active-row=\"false\" data-csa-c-id=\"fhzz4-jbawyt-relz8x-9vfmd2\" data-cel-widget=\"productDescription_feature_div\">\n<div id=\"productDescription_feature_div\" class=\"a-row feature\" data-feature-name=\"productDescription\" data-template-name=\"productDescription\" data-cel-widget=\"productDescription_feature_div\">\n<div id=\"productDescription\" class=\"a-section a-spacing-small\">\n<div class=\"description\">\n<div id=\"productDescription_feature_div\" class=\"celwidget\" data-feature-name=\"productDescription\" data-csa-c-type=\"widget\" data-csa-c-content-id=\"productDescription\" data-csa-c-slot-id=\"productDescription_feature_div\" data-csa-c-asin=\"\" data-csa-c-is-in-initial-active-row=\"false\" data-csa-c-id=\"9konl0-n8xkj7-ftaevf-oawmdd\" data-cel-widget=\"productDescription_feature_div\">\n<div id=\"productDescription_feature_div\" class=\"a-row feature\" data-feature-name=\"productDescription\" data-template-name=\"productDescription\" data-cel-widget=\"productDescription_feature_div\">\n<div id=\"productDescription\" class=\"a-section a-spacing-small\">\n<div class=\"description\">\n<div class=\"description\">\n<div class=\"description\">\n<div class=\"description\">\n<div class=\"description\">\n<div class=\"description\">\n<div class=\"product attribute overview\">\n<div class=\"value\">\n<div class=\"magezon-builder\">\n<div class=\"wf1fcwl mgz-element mgz-element-row full_width_row\">\n<div class=\"mgz-element-inner wf1fcwl-s\">\n<div class=\"inner-content mgz-container\">\n<div class=\"pbry2k5 mgz-element mgz-element-column mgz-col-xs-12\">\n<div class=\"mgz-element-inner pbry2k5-s\">\n<div class=\"gsgkwb7 mgz-element mgz-child mgz-element-text\">\n<div class=\"mgz-element-inner gsgkwb7-s\">\n<div class=\"description\">\n<div class=\"description\">\n<div class=\"description\">\n<div class=\"description\">\n<div class=\"description\">\n<div class=\"description\">\n<div>\n<div class=\"description\">\n<div class=\"description\">\n<div class=\"description\">\n<div class=\"description\">\n<div class=\"description\">\n<div class=\"description\">\n<div class=\"description\">\n<div class=\"description\">\n<div class=\"description\">\n<div class=\"description\">\n<div class=\"description\">\n<div class=\"description\">\n<div class=\"description\">\n<div class=\"description\">\n<div class=\"description\">\n<div class=\"description\">\n<div class=\"description\">\n<div class=\"description\">\n<div class=\"description\">\n<div class=\"description\">\n<p>Depuis plus de 15 ans, la Merrell\u00ae Moab est le mod\u00e8le de choix des randonneurs, ce qui en fait la chaussure de randonn\u00e9e la plus vendue au monde. R\u00e9put\u00e9e pour son confort exceptionnel, sa durabilit\u00e9 et sa polyvalence, ses pr\u00e9d\u00e9cesseurs ont permis \u00e0 25 millions de personnes de profiter encore plus de la nature.<\/p>\n<p>La toute nouvelle Moab 3 est dot\u00e9e d&#039;une nouvelle semelle int\u00e9rieure offrant un meilleur maintien, d&#039;une semelle interm\u00e9diaire plus souple et plus amortie et d&#039;une semelle ext\u00e9rieure Vibram\u00ae de premier ordre. Notre nouvelle g\u00e9n\u00e9ration est la Moab la plus respectueuse de l&#039;environnement jamais con\u00e7ue, utilisant des mat\u00e9riaux recycl\u00e9s dans sa construction. La Moab 3 Mid WP est dot\u00e9e d&#039;une membrane imperm\u00e9able pour garder vos pieds au sec.<\/p>\n<\/div>\n<\/div>\n<\/div>\n<\/div>\n<\/div>\n<\/div>\n<\/div>\n<\/div>\n<\/div>\n<\/div>\n<\/div>\n<\/div>\n<\/div>\n<\/div>\n<\/div>\n<\/div>\n<\/div>\n<\/div>\n<\/div>\n<\/div>\n<\/div>\n<div><\/div>\n<div class=\"description\"><strong>Caract\u00e9ristiques:<\/strong><\/div>\n<\/div>\n<\/div>\n<\/div>\n<\/div>\n<\/div>\n<\/div>\n<\/div>\n<\/div>\n<\/div>\n<\/div>\n<\/div>\n<\/div>\n<\/div>\n<\/div>\n<\/div>\n<\/div>\n<\/div>\n<\/div>\n<\/div>\n<\/div>\n<\/div>\n<\/div>\n<\/div>\n<\/div>\n<\/div>\n<\/div>\n<\/div>\n<\/div>\n<\/div>\n<\/div>\n<\/div>\n<\/div>\n<\/div>\n<\/div>\n<\/div>\n<\/div>\n<\/div>\n<\/div>\n<\/div>\n<\/div>\n<\/div>\n<\/div>\n<\/div>\n<\/div>\n<\/div>\n<\/div>\n<\/div>\n<\/div>\n<\/div>\n<\/div>\n<\/div>\n<\/div>\n<\/div>\n<\/div>\n<\/div>\n<\/div>\n<\/div>\n<\/div>\n<\/div>\n<\/div>\n<\/div>\n<\/div>\n<\/div>\n<\/div>\n<\/div>\n<\/div>\n<\/div>\n<\/div>\n<\/div>\n<\/div>\n<\/div>\n<\/div>\n<ul>\n<li>La membrane imperm\u00e9able retient l&#039;eau et laisse s&#039;\u00e9chapper l&#039;humidit\u00e9<\/li>\n<li>Tige en cuir su\u00e9d\u00e9 de porc et mesh respirant<\/li>\n<li>Lacets et sangles recycl\u00e9s 100%<\/li>\n<li>La languette \u00e0 soufflet emp\u00eache les d\u00e9bris de p\u00e9n\u00e9trer<\/li>\n<li>Talon et embout en caoutchouc protecteur et r\u00e9sistant \u00e0 l&#039;abrasion<\/li>\n<li>Doublure en maille respirante recycl\u00e9e 100%<\/li>\n<li>La semelle int\u00e9rieure exclusive Moab 3 \u00e9pouse les contours de votre pied pour une foul\u00e9e plus confortable<\/li>\n<li>Tige en nylon moul\u00e9e<\/li>\n<li>Le coussin d&#039;air Merrell au talon absorbe les chocs et ajoute de la stabilit\u00e9<\/li>\n<li>La semelle interm\u00e9diaire Super Rebound Compound offre une absorption durable des chocs pour aider \u00e0 r\u00e9duire le couple et permettre une transition en douceur vers le milieu du pied<\/li>\n<li>La semelle ext\u00e9rieure Vibram TC5+ offre une traction exceptionnelle pour les activit\u00e9s multisports en ext\u00e9rieur, formul\u00e9e exclusivement pour Merrel<\/li>\n<li>Chute : 11,5 mm<\/li>\n<li>Cosse : 5 mm<\/li>\n<li>Poids d&#039;une demi-paire : 0 lb-14,45 oz, 410 g<\/li>\n<li>Couleur du produit : Faucon<\/li>\n<li>J037000<\/li>\n<\/ul>\n<p>&nbsp;<\/p>","protected":false},"excerpt":{"rendered":"<p>For over 15 years, the Merrell\u00ae Moab has been the choice of hikers when a choice needs to be made, making it the bestselling hiker in the world. Famous for its out-of-the-box comfort, durability and all-purpose versatility, its predecessors have enabled 25 million people to step further outdoors. The all new Moab 3 features a [&hellip;]<\/p>\n","protected":false},"featured_media":300326,"comment_status":"closed","ping_status":"closed","template":"","meta":[],"product_brand":[736],"product_cat":[395,51],"product_tag":[737],"class_list":{"0":"post-296126","1":"product","2":"type-product","3":"status-publish","4":"has-post-thumbnail","6":"product_brand-merrell","7":"product_cat-boots","8":"product_cat-footwear","9":"product_tag-merrell","10":"product_shipping_class-shoes","11":"pa_gender-female","12":"pa_shoesize-317","13":"pa_shoesize-1-narrow","14":"pa_shoesize-1-5","15":"pa_shoesize-1-5-narrow","16":"pa_shoesize-81","17":"pa_shoesize-10-extra-wide","18":"pa_shoesize-10-narrow","19":"pa_shoesize-10-wide","20":"pa_shoesize-10-xx-wide","21":"pa_shoesize-10-5","22":"pa_shoesize-10-5-extra-wide","23":"pa_shoesize-10-5-narrow","24":"pa_shoesize-10-5-wide","25":"pa_shoesize-10-5-xx-wide","26":"pa_shoesize-10-5k","27":"pa_shoesize-10k","28":"pa_shoesize-83","29":"pa_shoesize-11-extra-wide","30":"pa_shoesize-11-narrow","31":"pa_shoesize-11-wide","32":"pa_shoesize-11-xx-wide","33":"pa_shoesize-11-5","34":"pa_shoesize-11-5-extra-wide","35":"pa_shoesize-11-5-narrow","36":"pa_shoesize-11-5-wide","37":"pa_shoesize-11-5-xx-wide","38":"pa_shoesize-11-5k","39":"pa_shoesize-11k","40":"pa_shoesize-85","41":"pa_shoesize-12-extra-wide","42":"pa_shoesize-12-narrow","43":"pa_shoesize-12-wide","44":"pa_shoesize-12-xx-wide","45":"pa_shoesize-12-5","46":"pa_shoesize-12-5-extra-wide","47":"pa_shoesize-125-narrow","48":"pa_shoesize-12-5-wide","49":"pa_shoesize-12-5k","50":"pa_shoesize-12k","51":"pa_shoesize-92","52":"pa_shoesize-13-extra-wide","53":"pa_shoesize-13-narrow","54":"pa_shoesize-13-wide","55":"pa_shoesize-13-xx-wide","56":"pa_shoesize-13-5","57":"pa_shoesize-13-5-narrow","58":"pa_shoesize-13-5-wide","59":"pa_shoesize-13-5k","60":"pa_shoesize-13k","61":"pa_shoesize-167","62":"pa_shoesize-14-extra-wide","63":"pa_shoesize-14-narrow","64":"pa_shoesize-14-wide","65":"pa_shoesize-14-xx-wide","66":"pa_shoesize-14-5","67":"pa_shoesize-407","68":"pa_shoesize-15-extra-wide","69":"pa_shoesize-15-narrow","70":"pa_shoesize-15-wide","71":"pa_shoesize-15-xx-wide","72":"pa_shoesize-413","73":"pa_shoesize-16-extra-wide","74":"pa_shoesize-16-narrow","75":"pa_shoesize-16-wide","76":"pa_shoesize-16-xx-wide","77":"pa_shoesize-441","78":"pa_shoesize-17-extra-wide","79":"pa_shoesize-17-xx-wide","80":"pa_shoesize-442","81":"pa_shoesize-18-extra-wide","82":"pa_shoesize-18-xx-wide","83":"pa_shoesize-1k","84":"pa_shoesize-318","85":"pa_shoesize-2-narrow","86":"pa_shoesize-2-wide","87":"pa_shoesize-2-5","88":"pa_shoesize-2-5-narrow","89":"pa_shoesize-319","90":"pa_shoesize-3-narrow","91":"pa_shoesize-3-5","92":"pa_shoesize-320","93":"pa_shoesize-4-wide","94":"pa_shoesize-4-5","95":"pa_shoesize-4-5-wide","96":"pa_shoesize-321","97":"pa_shoesize-5-extra-wide","98":"pa_shoesize-5narrow","99":"pa_shoesize-5-wide","100":"pa_shoesize-5-5","101":"pa_shoesize-5-5-narrow","102":"pa_shoesize-5-5-wide","103":"pa_shoesize-322","104":"pa_shoesize-6-extra-wide","105":"pa_shoesize-6-narrow","106":"pa_shoesize-6-wide","107":"pa_shoesize-6-5","108":"pa_shoesize-6-5-extra-wide","109":"pa_shoesize-6-5-narrow","110":"pa_shoesize-6-5-wide","111":"pa_shoesize-91","112":"pa_shoesize-7-extra-wide","113":"pa_shoesize-7-narrow","114":"pa_shoesize-7-wide","115":"pa_shoesize-7-xx-wide","116":"pa_shoesize-7-5","117":"pa_shoesize-7-5-extra-wide","118":"pa_shoesize-7-5-narrow","119":"pa_shoesize-7-5-wide","120":"pa_shoesize-7-5-xx-wide","121":"pa_shoesize-77","122":"pa_shoesize-8-extra-wide","123":"pa_shoesize-8-narrow","124":"pa_shoesize-8-wide","125":"pa_shoesize-8-xx-wide","126":"pa_shoesize-8-5","127":"pa_shoesize-8-5-extra-wide","128":"pa_shoesize-8-5-narrow","129":"pa_shoesize-8-5-wide","130":"pa_shoesize-8-5-xx-wide","131":"pa_shoesize-79","132":"pa_shoesize-9-extra-wide","133":"pa_shoesize-9-narrow","134":"pa_shoesize-9-wide","135":"pa_shoesize-9-xx-wide","136":"pa_shoesize-9-5","137":"pa_shoesize-9-5-extra-wide","138":"pa_shoesize-9-5-narrow","139":"pa_shoesize-9-5-wide","140":"pa_shoesize-9-5-xx-wide","142":"first","143":"instock","144":"sale","145":"taxable","146":"shipping-taxable","147":"purchasable","148":"product-type-variable"},"yoast_head":"<!-- This site is optimized with the Yoast SEO plugin v27.1.1 - https:\/\/yoast.com\/product\/yoast-seo-wordpress\/ -->\n<title>Merrell Women&#039;s Moab 3 Mid Falcon Hiking Boots J037000 - WOOKi.com<\/title>\n<meta name=\"robots\" content=\"index, follow, max-snippet:-1, max-image-preview:large, max-video-preview:-1\" \/>\n<link rel=\"canonical\" href=\"https:\/\/wooki.com\/fr\/produit\/merrell-womens-moab-3-mid-falcon-hiking-boots-j037000\/\" \/>\n<meta property=\"og:locale\" content=\"fr_CA\" \/>\n<meta property=\"og:type\" content=\"article\" \/>\n<meta property=\"og:title\" content=\"Merrell Women&#039;s Moab 3 Mid Falcon Hiking Boots J037000 - WOOKi.com\" \/>\n<meta property=\"og:description\" content=\"For over 15 years, the Merrell\u00ae Moab has been the choice of hikers when a choice needs to be made, making it the bestselling hiker in the world. Famous for its out-of-the-box comfort, durability and all-purpose versatility, its predecessors have enabled 25 million people to step further outdoors. The all new Moab 3 features a [&hellip;]\" \/>\n<meta property=\"og:url\" content=\"https:\/\/wooki.com\/fr\/produit\/merrell-womens-moab-3-mid-falcon-hiking-boots-j037000\/\" \/>\n<meta property=\"og:site_name\" content=\"WOOKi.com\" \/>\n<meta property=\"article:publisher\" content=\"https:\/\/www.facebook.com\/wookicom\/\" \/>\n<meta property=\"article:modified_time\" content=\"2026-03-13T23:20:21+00:00\" \/>\n<meta property=\"og:image\" content=\"https:\/\/wooki.com\/wp-content\/uploads\/2025\/01\/Merrell-Womens-Moab-3-Mid-Falcon-Hiking-Boots-J037000-3.jpg\" \/>\n\t<meta property=\"og:image:width\" content=\"1200\" \/>\n\t<meta property=\"og:image:height\" content=\"1200\" \/>\n\t<meta property=\"og:image:type\" content=\"image\/jpeg\" \/>\n<meta name=\"twitter:card\" content=\"summary_large_image\" \/>\n<meta name=\"twitter:label1\" content=\"Estimation du temps de lecture\" \/>\n\t<meta name=\"twitter:data1\" content=\"2 minutes\" \/>\n<script type=\"application\/ld+json\" class=\"yoast-schema-graph\">{\"@context\":\"https:\/\/schema.org\",\"@graph\":[{\"@type\":\"WebPage\",\"@id\":\"https:\/\/wooki.com\/product\/merrell-womens-moab-3-mid-falcon-hiking-boots-j037000\/\",\"url\":\"https:\/\/wooki.com\/product\/merrell-womens-moab-3-mid-falcon-hiking-boots-j037000\/\",\"name\":\"Merrell Women's Moab 3 Mid Falcon Hiking Boots J037000 - WOOKi.com\",\"isPartOf\":{\"@id\":\"https:\/\/wooki.com\/fr\/#website\"},\"primaryImageOfPage\":{\"@id\":\"https:\/\/wooki.com\/product\/merrell-womens-moab-3-mid-falcon-hiking-boots-j037000\/#primaryimage\"},\"image\":{\"@id\":\"https:\/\/wooki.com\/product\/merrell-womens-moab-3-mid-falcon-hiking-boots-j037000\/#primaryimage\"},\"thumbnailUrl\":\"https:\/\/wooki.com\/wp-content\/uploads\/2025\/01\/Merrell-Womens-Moab-3-Mid-Falcon-Hiking-Boots-J037000-3.jpg\",\"datePublished\":\"2025-01-20T14:43:18+00:00\",\"dateModified\":\"2026-03-13T23:20:21+00:00\",\"breadcrumb\":{\"@id\":\"https:\/\/wooki.com\/product\/merrell-womens-moab-3-mid-falcon-hiking-boots-j037000\/#breadcrumb\"},\"inLanguage\":\"fr-CA\",\"potentialAction\":[{\"@type\":\"ReadAction\",\"target\":[\"https:\/\/wooki.com\/product\/merrell-womens-moab-3-mid-falcon-hiking-boots-j037000\/\"]}]},{\"@type\":\"ImageObject\",\"inLanguage\":\"fr-CA\",\"@id\":\"https:\/\/wooki.com\/product\/merrell-womens-moab-3-mid-falcon-hiking-boots-j037000\/#primaryimage\",\"url\":\"https:\/\/wooki.com\/wp-content\/uploads\/2025\/01\/Merrell-Womens-Moab-3-Mid-Falcon-Hiking-Boots-J037000-3.jpg\",\"contentUrl\":\"https:\/\/wooki.com\/wp-content\/uploads\/2025\/01\/Merrell-Womens-Moab-3-Mid-Falcon-Hiking-Boots-J037000-3.jpg\",\"width\":1200,\"height\":1200},{\"@type\":\"BreadcrumbList\",\"@id\":\"https:\/\/wooki.com\/product\/merrell-womens-moab-3-mid-falcon-hiking-boots-j037000\/#breadcrumb\",\"itemListElement\":[{\"@type\":\"ListItem\",\"position\":1,\"name\":\"Home\",\"item\":\"https:\/\/wooki.com\/en\/\"},{\"@type\":\"ListItem\",\"position\":2,\"name\":\"The Shop\",\"item\":\"https:\/\/wooki.com\/the-shop\/\"},{\"@type\":\"ListItem\",\"position\":3,\"name\":\"Merrell Women&#8217;s Moab 3 Mid Falcon Hiking Boots J037000\"}]},{\"@type\":\"WebSite\",\"@id\":\"https:\/\/wooki.com\/fr\/#website\",\"url\":\"https:\/\/wooki.com\/fr\/\",\"name\":\"WOOKi.com\",\"description\":\"Affordable Branded Footwear Online\",\"publisher\":{\"@id\":\"https:\/\/wooki.com\/fr\/#organization\"},\"potentialAction\":[{\"@type\":\"SearchAction\",\"target\":{\"@type\":\"EntryPoint\",\"urlTemplate\":\"https:\/\/wooki.com\/fr\/?s={search_term_string}\"},\"query-input\":{\"@type\":\"PropertyValueSpecification\",\"valueRequired\":true,\"valueName\":\"search_term_string\"}}],\"inLanguage\":\"fr-CA\"},{\"@type\":\"Organization\",\"@id\":\"https:\/\/wooki.com\/fr\/#organization\",\"name\":\"WOOKI.com\",\"alternateName\":\"wooki\",\"url\":\"https:\/\/wooki.com\/fr\/\",\"logo\":{\"@type\":\"ImageObject\",\"inLanguage\":\"fr-CA\",\"@id\":\"https:\/\/wooki.com\/fr\/#\/schema\/logo\/image\/\",\"url\":\"https:\/\/wooki.com\/wp-content\/uploads\/2020\/03\/wooki-logo-tab.png\",\"contentUrl\":\"https:\/\/wooki.com\/wp-content\/uploads\/2020\/03\/wooki-logo-tab.png\",\"width\":512,\"height\":512,\"caption\":\"WOOKI.com\"},\"image\":{\"@id\":\"https:\/\/wooki.com\/fr\/#\/schema\/logo\/image\/\"},\"sameAs\":[\"https:\/\/www.facebook.com\/wookicom\/\"]}]}<\/script>\n<!-- \/ Yoast SEO plugin. -->","yoast_head_json":{"title":"Chaussures de randonn\u00e9e Merrell Moab 3 Mid Falcon pour femmes J037000 - WOOKi.com","robots":{"index":"index","follow":"follow","max-snippet":"max-snippet:-1","max-image-preview":"max-image-preview:large","max-video-preview":"max-video-preview:-1"},"canonical":"https:\/\/wooki.com\/fr\/produit\/merrell-womens-moab-3-mid-falcon-hiking-boots-j037000\/","og_locale":"fr_CA","og_type":"article","og_title":"Merrell Women's Moab 3 Mid Falcon Hiking Boots J037000 - WOOKi.com","og_description":"For over 15 years, the Merrell\u00ae Moab has been the choice of hikers when a choice needs to be made, making it the bestselling hiker in the world. Famous for its out-of-the-box comfort, durability and all-purpose versatility, its predecessors have enabled 25 million people to step further outdoors. The all new Moab 3 features a [&hellip;]","og_url":"https:\/\/wooki.com\/fr\/produit\/merrell-womens-moab-3-mid-falcon-hiking-boots-j037000\/","og_site_name":"WOOKi.com","article_publisher":"https:\/\/www.facebook.com\/wookicom\/","article_modified_time":"2026-03-13T23:20:21+00:00","og_image":[{"width":1200,"height":1200,"url":"https:\/\/wooki.com\/wp-content\/uploads\/2025\/01\/Merrell-Womens-Moab-3-Mid-Falcon-Hiking-Boots-J037000-3.jpg","type":"image\/jpeg"}],"twitter_card":"summary_large_image","twitter_misc":{"Estimation du temps de lecture":"2 minutes"},"schema":{"@context":"https:\/\/schema.org","@graph":[{"@type":"WebPage","@id":"https:\/\/wooki.com\/product\/merrell-womens-moab-3-mid-falcon-hiking-boots-j037000\/","url":"https:\/\/wooki.com\/product\/merrell-womens-moab-3-mid-falcon-hiking-boots-j037000\/","name":"Chaussures de randonn\u00e9e Merrell Moab 3 Mid Falcon pour femmes J037000 - WOOKi.com","isPartOf":{"@id":"https:\/\/wooki.com\/fr\/#website"},"primaryImageOfPage":{"@id":"https:\/\/wooki.com\/product\/merrell-womens-moab-3-mid-falcon-hiking-boots-j037000\/#primaryimage"},"image":{"@id":"https:\/\/wooki.com\/product\/merrell-womens-moab-3-mid-falcon-hiking-boots-j037000\/#primaryimage"},"thumbnailUrl":"https:\/\/wooki.com\/wp-content\/uploads\/2025\/01\/Merrell-Womens-Moab-3-Mid-Falcon-Hiking-Boots-J037000-3.jpg","datePublished":"2025-01-20T14:43:18+00:00","dateModified":"2026-03-13T23:20:21+00:00","breadcrumb":{"@id":"https:\/\/wooki.com\/product\/merrell-womens-moab-3-mid-falcon-hiking-boots-j037000\/#breadcrumb"},"inLanguage":"fr-CA","potentialAction":[{"@type":"ReadAction","target":["https:\/\/wooki.com\/product\/merrell-womens-moab-3-mid-falcon-hiking-boots-j037000\/"]}]},{"@type":"ImageObject","inLanguage":"fr-CA","@id":"https:\/\/wooki.com\/product\/merrell-womens-moab-3-mid-falcon-hiking-boots-j037000\/#primaryimage","url":"https:\/\/wooki.com\/wp-content\/uploads\/2025\/01\/Merrell-Womens-Moab-3-Mid-Falcon-Hiking-Boots-J037000-3.jpg","contentUrl":"https:\/\/wooki.com\/wp-content\/uploads\/2025\/01\/Merrell-Womens-Moab-3-Mid-Falcon-Hiking-Boots-J037000-3.jpg","width":1200,"height":1200},{"@type":"BreadcrumbList","@id":"https:\/\/wooki.com\/product\/merrell-womens-moab-3-mid-falcon-hiking-boots-j037000\/#breadcrumb","itemListElement":[{"@type":"ListItem","position":1,"name":"Home","item":"https:\/\/wooki.com\/en\/"},{"@type":"ListItem","position":2,"name":"The Shop","item":"https:\/\/wooki.com\/the-shop\/"},{"@type":"ListItem","position":3,"name":"Merrell Women&#8217;s Moab 3 Mid Falcon Hiking Boots J037000"}]},{"@type":"WebSite","@id":"https:\/\/wooki.com\/fr\/#website","url":"https:\/\/wooki.com\/fr\/","name":"WOOKi.com","description":"Chaussures de marque abordables en ligne","publisher":{"@id":"https:\/\/wooki.com\/fr\/#organization"},"potentialAction":[{"@type":"SearchAction","target":{"@type":"EntryPoint","urlTemplate":"https:\/\/wooki.com\/fr\/?s={search_term_string}"},"query-input":{"@type":"PropertyValueSpecification","valueRequired":true,"valueName":"search_term_string"}}],"inLanguage":"fr-CA"},{"@type":"Organization","@id":"https:\/\/wooki.com\/fr\/#organization","name":"WOOKI.com","alternateName":"wooki","url":"https:\/\/wooki.com\/fr\/","logo":{"@type":"ImageObject","inLanguage":"fr-CA","@id":"https:\/\/wooki.com\/fr\/#\/schema\/logo\/image\/","url":"https:\/\/wooki.com\/wp-content\/uploads\/2020\/03\/wooki-logo-tab.png","contentUrl":"https:\/\/wooki.com\/wp-content\/uploads\/2020\/03\/wooki-logo-tab.png","width":512,"height":512,"caption":"WOOKI.com"},"image":{"@id":"https:\/\/wooki.com\/fr\/#\/schema\/logo\/image\/"},"sameAs":["https:\/\/www.facebook.com\/wookicom\/"]}]}},"jetpack_sharing_enabled":true,"_links":{"self":[{"href":"https:\/\/wooki.com\/fr\/wp-json\/wp\/v2\/product\/296126","targetHints":{"allow":["GET"]}}],"collection":[{"href":"https:\/\/wooki.com\/fr\/wp-json\/wp\/v2\/product"}],"about":[{"href":"https:\/\/wooki.com\/fr\/wp-json\/wp\/v2\/types\/product"}],"replies":[{"embeddable":true,"href":"https:\/\/wooki.com\/fr\/wp-json\/wp\/v2\/comments?post=296126"}],"version-history":[{"count":0,"href":"https:\/\/wooki.com\/fr\/wp-json\/wp\/v2\/product\/296126\/revisions"}],"wp:featuredmedia":[{"embeddable":true,"href":"https:\/\/wooki.com\/fr\/wp-json\/wp\/v2\/media\/300326"}],"wp:attachment":[{"href":"https:\/\/wooki.com\/fr\/wp-json\/wp\/v2\/media?parent=296126"}],"wp:term":[{"taxonomy":"product_brand","embeddable":true,"href":"https:\/\/wooki.com\/fr\/wp-json\/wp\/v2\/product_brand?post=296126"},{"taxonomy":"product_cat","embeddable":true,"href":"https:\/\/wooki.com\/fr\/wp-json\/wp\/v2\/product_cat?post=296126"},{"taxonomy":"product_tag","embeddable":true,"href":"https:\/\/wooki.com\/fr\/wp-json\/wp\/v2\/product_tag?post=296126"}],"curies":[{"name":"wp","href":"https:\/\/api.w.org\/{rel}","templated":true}]}}